{"id":38,"date":"2025-11-04T16:15:06","date_gmt":"2025-11-04T16:15:06","guid":{"rendered":"https:\/\/szitujatek.hu\/?page_id=38"},"modified":"2026-03-22T14:50:52","modified_gmt":"2026-03-22T14:50:52","slug":"rolunk","status":"publish","type":"page","link":"https:\/\/szitujatek.hu\/en\/rolunk\/","title":{"rendered":"About us"},"content":{"rendered":"<section class=\"bde-section-38-130 bde-section\">\n  \n  \n\t\n\n\n\n<div class=\"section-container\"><h2 class=\"bde-heading-38-132 bde-heading\" data-entrance=\"slideRight\">\nWhat's in the box:\n<\/h2><div class=\"bde-text-38-147 bde-text\" data-entrance=\"slideLeft\">\n40 pcs. of Szitu cards<br>40 pcs. of Meglepetes cards<br>40 pcs. of Karakter cards<br><br>For the base Szitu cards, we have created Karakter cards, which when drawn at the beginning of the game, determine the foundations of your character appearing in the situation.<br><br>In addition, Meglepetes cards can also be drawn, but strictly only during the scene. Only one person receives and reads these at a time, and you then continue playing the situation based on what it says.<br><br>Important: To use these cards as you wish, discuss beforehand whether you want to use Character cards or Meglepetes cards for the scene. There can be scenes where you use both, only one, or neither.\n<\/div><\/div>\n<\/section><section class=\"bde-section-38-100 bde-section\">\n  \n  \n\t\n\n\n\n<div class=\"section-container\"><img decoding=\"async\" class=\"bde-image2-38-157 bde-image2\" src=\"https:\/\/szitujatek.hu\/wp-content\/uploads\/2025\/12\/2BEDDD56-D2E0-4A32-8A51-2D6D43778A10.avif\" loading=\"lazy\" srcset=\"https:\/\/szitujatek.hu\/wp-content\/uploads\/2025\/12\/2BEDDD56-D2E0-4A32-8A51-2D6D43778A10.avif 271w, https:\/\/szitujatek.hu\/wp-content\/uploads\/2025\/12\/2BEDDD56-D2E0-4A32-8A51-2D6D43778A10-150x150.avif 150w\" sizes=\"(max-width: 271px) 100vw, 271px\"><h1 class=\"bde-heading-38-148 bde-heading\">\nHow the game goes:\n<\/h1><div class=\"bde-columns-38-102 bde-columns\"><div class=\"bde-column-38-103 bde-column\">\n  \n  \n\t\n\n\n\n<div class=\"bde-div-38-105 bde-div\">\n  \n  \n\t\n\n\n\n<h3 class=\"bde-heading-38-106 bde-heading\">\n\n<\/h3><div class=\"bde-text-38-107 bde-text\">\n\n<\/div>\n<\/div><h1 class=\"bde-heading-38-153 bde-heading\">\n1.\n<\/h1><div class=\"bde-text-38-149 bde-text\">\nBefore each scene, choose a game master. Their task will be to keep track of time and if they feel the scene has gone on too long, they can end it after a few minutes. They also manage the timing of the surprise cards:\n<\/div>\n<\/div><div class=\"bde-column-38-109 bde-column\">\n  \n  \n\t\n\n\n\n<div class=\"bde-div-38-111 bde-div\">\n  \n  \n\t\n\n\n\n\n<\/div><h1 class=\"bde-heading-38-152 bde-heading\">\n2.\n<\/h1><div class=\"bde-text-38-150 bde-text\">\nOne minute after the start of the scene, the game master should intervene by calling out the name of one of the players, signaling that the given person should draw a Meglepetes card.\n<\/div>\n<\/div><\/div><div class=\"bde-columns-38-115 bde-columns\"><div class=\"bde-column-38-116 bde-column\">\n  \n  \n\t\n\n\n\n<div class=\"bde-div-38-118 bde-div\">\n  \n  \n\t\n\n\n\n\n<\/div><h1 class=\"bde-heading-38-154 bde-heading\">\n3.\n<\/h1><div class=\"bde-text-38-146 bde-text\">\nAfter that, every half minute (or for more experienced players, taking dramaturgical aspects into account), the game master should prompt every player to draw a Meglepetes card.\n<\/div>\n<\/div><div class=\"bde-column-38-122 bde-column\">\n  \n  \n\t\n\n\n\n<div class=\"bde-div-38-124 bde-div\">\n  \n  \n\t\n\n\n\n\n<\/div><h1 class=\"bde-heading-38-155 bde-heading\">\n4.\n<\/h1><div class=\"bde-text-38-151 bde-text\">\nThis can be one round or two rounds, meaning that each person received one or two cards per scene.\n<\/div>\n<\/div><\/div><\/div>\n<\/section>","protected":false},"excerpt":{"rendered":"<p>A j\u00e1t\u00e9k tartalma: 40 db Szitu k\u00e1rtya40 db. Meglepet\u00e9s k\u00e1rtya40 db Karakter k\u00e1rtyaAz alap Szitu\u00e1ci\u00f3 k\u00e1rty\u00e1khoz l\u00e9tre hoztunk Karakter k\u00e1rty\u00e1kat, ami a j\u00e1t\u00e9k elej\u00e9n kih\u00fazva, meghat\u00e1rozza a szitu\u00e1ci\u00f3ban megjelen\u0151 karaktered alapjait.Emellett Meglepet\u00e9s k\u00e1rty\u00e1k is h\u00fazhat\u00f3ak, de az csak szigor\u00faan a jelenet k\u00f6zben. Ezeket egyszerre csak egy illet\u0151 kapja meg \u00e9s olvassa el, majd ennek alapj\u00e1n [&hellip;]<\/p>\n","protected":false},"author":3,"featured_media":0,"parent":0,"menu_order":0,"comment_status":"closed","ping_status":"closed","template":"","meta":{"_acf_changed":false,"_breakdance_hide_in_design_set":false,"_breakdance_tags":"","footnotes":""},"class_list":["post-38","page","type-page","status-publish","hentry"],"acf":[],"yoast_head":"<!-- This site is optimized with the Yoast SEO Premium plugin v27.4 (Yoast SEO v27.4) - https:\/\/yoast.com\/product\/yoast-seo-premium-wordpress\/ -->\n<title>R\u00f3lunk - Szitu<\/title>\n<meta name=\"robots\" content=\"index, follow, max-snippet:-1, max-image-preview:large, max-video-preview:-1\" \/>\n<link rel=\"canonical\" href=\"https:\/\/szitujatek.hu\/en\/rolunk\/\" \/>\n<meta property=\"og:locale\" content=\"en_US\" \/>\n<meta property=\"og:type\" content=\"article\" \/>\n<meta property=\"og:title\" content=\"R\u00f3lunk\" \/>\n<meta property=\"og:description\" content=\"A j\u00e1t\u00e9k tartalma: 40 db Szitu k\u00e1rtya40 db. Meglepet\u00e9s k\u00e1rtya40 db Karakter k\u00e1rtyaAz alap Szitu\u00e1ci\u00f3 k\u00e1rty\u00e1khoz l\u00e9tre hoztunk Karakter k\u00e1rty\u00e1kat, ami a j\u00e1t\u00e9k elej\u00e9n kih\u00fazva, meghat\u00e1rozza a szitu\u00e1ci\u00f3ban megjelen\u0151 karaktered alapjait.Emellett Meglepet\u00e9s k\u00e1rty\u00e1k is h\u00fazhat\u00f3ak, de az csak szigor\u00faan a jelenet k\u00f6zben. Ezeket egyszerre csak egy illet\u0151 kapja meg \u00e9s olvassa el, majd ennek alapj\u00e1n [&hellip;]\" \/>\n<meta property=\"og:url\" content=\"https:\/\/szitujatek.hu\/en\/rolunk\/\" \/>\n<meta property=\"og:site_name\" content=\"Szitu\" \/>\n<meta property=\"article:modified_time\" content=\"2026-03-22T14:50:52+00:00\" \/>\n<meta name=\"twitter:card\" content=\"summary_large_image\" \/>\n<meta name=\"twitter:label1\" content=\"Est. reading time\" \/>\n\t<meta name=\"twitter:data1\" content=\"2 minutes\" \/>\n<script type=\"application\/ld+json\" class=\"yoast-schema-graph\">{\"@context\":\"https:\\\/\\\/schema.org\",\"@graph\":[{\"@type\":\"WebPage\",\"@id\":\"https:\\\/\\\/szitujatek.hu\\\/rolunk\\\/\",\"url\":\"https:\\\/\\\/szitujatek.hu\\\/rolunk\\\/\",\"name\":\"R\u00f3lunk - Szitu\",\"isPartOf\":{\"@id\":\"https:\\\/\\\/szitujatek.hu\\\/#website\"},\"datePublished\":\"2025-11-04T16:15:06+00:00\",\"dateModified\":\"2026-03-22T14:50:52+00:00\",\"breadcrumb\":{\"@id\":\"https:\\\/\\\/szitujatek.hu\\\/rolunk\\\/#breadcrumb\"},\"inLanguage\":\"en-US\",\"potentialAction\":[{\"@type\":\"ReadAction\",\"target\":[\"https:\\\/\\\/szitujatek.hu\\\/rolunk\\\/\"]}]},{\"@type\":\"BreadcrumbList\",\"@id\":\"https:\\\/\\\/szitujatek.hu\\\/rolunk\\\/#breadcrumb\",\"itemListElement\":[{\"@type\":\"ListItem\",\"position\":1,\"name\":\"Home\",\"item\":\"https:\\\/\\\/szitujatek.hu\\\/\"},{\"@type\":\"ListItem\",\"position\":2,\"name\":\"R\u00f3lunk\"}]},{\"@type\":\"WebSite\",\"@id\":\"https:\\\/\\\/szitujatek.hu\\\/#website\",\"url\":\"https:\\\/\\\/szitujatek.hu\\\/\",\"name\":\"Szitu\",\"description\":\"J\u00e1tsz szabadon\",\"potentialAction\":[{\"@type\":\"SearchAction\",\"target\":{\"@type\":\"EntryPoint\",\"urlTemplate\":\"https:\\\/\\\/szitujatek.hu\\\/?s={search_term_string}\"},\"query-input\":{\"@type\":\"PropertyValueSpecification\",\"valueRequired\":true,\"valueName\":\"search_term_string\"}}],\"inLanguage\":\"en-US\"}]}<\/script>\n<!-- \/ Yoast SEO Premium plugin. -->","yoast_head_json":{"title":"R\u00f3lunk - Szitu","robots":{"index":"index","follow":"follow","max-snippet":"max-snippet:-1","max-image-preview":"max-image-preview:large","max-video-preview":"max-video-preview:-1"},"canonical":"https:\/\/szitujatek.hu\/en\/rolunk\/","og_locale":"en_US","og_type":"article","og_title":"R\u00f3lunk","og_description":"A j\u00e1t\u00e9k tartalma: 40 db Szitu k\u00e1rtya40 db. Meglepet\u00e9s k\u00e1rtya40 db Karakter k\u00e1rtyaAz alap Szitu\u00e1ci\u00f3 k\u00e1rty\u00e1khoz l\u00e9tre hoztunk Karakter k\u00e1rty\u00e1kat, ami a j\u00e1t\u00e9k elej\u00e9n kih\u00fazva, meghat\u00e1rozza a szitu\u00e1ci\u00f3ban megjelen\u0151 karaktered alapjait.Emellett Meglepet\u00e9s k\u00e1rty\u00e1k is h\u00fazhat\u00f3ak, de az csak szigor\u00faan a jelenet k\u00f6zben. Ezeket egyszerre csak egy illet\u0151 kapja meg \u00e9s olvassa el, majd ennek alapj\u00e1n [&hellip;]","og_url":"https:\/\/szitujatek.hu\/en\/rolunk\/","og_site_name":"Szitu","article_modified_time":"2026-03-22T14:50:52+00:00","twitter_card":"summary_large_image","twitter_misc":{"Est. reading time":"2 minutes"},"schema":{"@context":"https:\/\/schema.org","@graph":[{"@type":"WebPage","@id":"https:\/\/szitujatek.hu\/rolunk\/","url":"https:\/\/szitujatek.hu\/rolunk\/","name":"R\u00f3lunk - Szitu","isPartOf":{"@id":"https:\/\/szitujatek.hu\/#website"},"datePublished":"2025-11-04T16:15:06+00:00","dateModified":"2026-03-22T14:50:52+00:00","breadcrumb":{"@id":"https:\/\/szitujatek.hu\/rolunk\/#breadcrumb"},"inLanguage":"en-US","potentialAction":[{"@type":"ReadAction","target":["https:\/\/szitujatek.hu\/rolunk\/"]}]},{"@type":"BreadcrumbList","@id":"https:\/\/szitujatek.hu\/rolunk\/#breadcrumb","itemListElement":[{"@type":"ListItem","position":1,"name":"Home","item":"https:\/\/szitujatek.hu\/"},{"@type":"ListItem","position":2,"name":"R\u00f3lunk"}]},{"@type":"WebSite","@id":"https:\/\/szitujatek.hu\/#website","url":"https:\/\/szitujatek.hu\/","name":"Szitu","description":"J\u00e1tsz szabadon","potentialAction":[{"@type":"SearchAction","target":{"@type":"EntryPoint","urlTemplate":"https:\/\/szitujatek.hu\/?s={search_term_string}"},"query-input":{"@type":"PropertyValueSpecification","valueRequired":true,"valueName":"search_term_string"}}],"inLanguage":"en-US"}]}},"_hostinger_reach_plugin_has_subscription_block":false,"_hostinger_reach_plugin_is_elementor":false,"_links":{"self":[{"href":"https:\/\/szitujatek.hu\/en\/wp-json\/wp\/v2\/pages\/38","targetHints":{"allow":["GET"]}}],"collection":[{"href":"https:\/\/szitujatek.hu\/en\/wp-json\/wp\/v2\/pages"}],"about":[{"href":"https:\/\/szitujatek.hu\/en\/wp-json\/wp\/v2\/types\/page"}],"author":[{"embeddable":true,"href":"https:\/\/szitujatek.hu\/en\/wp-json\/wp\/v2\/users\/3"}],"replies":[{"embeddable":true,"href":"https:\/\/szitujatek.hu\/en\/wp-json\/wp\/v2\/comments?post=38"}],"version-history":[{"count":5,"href":"https:\/\/szitujatek.hu\/en\/wp-json\/wp\/v2\/pages\/38\/revisions"}],"predecessor-version":[{"id":132,"href":"https:\/\/szitujatek.hu\/en\/wp-json\/wp\/v2\/pages\/38\/revisions\/132"}],"wp:attachment":[{"href":"https:\/\/szitujatek.hu\/en\/wp-json\/wp\/v2\/media?parent=38"}],"curies":[{"name":"wp","href":"https:\/\/api.w.org\/{rel}","templated":true}]}}