{"id":16,"date":"2025-10-26T10:12:16","date_gmt":"2025-10-26T10:12:16","guid":{"rendered":"https:\/\/szitujatek.hu\/?page_id=16"},"modified":"2026-03-22T14:47:11","modified_gmt":"2026-03-22T14:47:11","slug":"home-page","status":"publish","type":"page","link":"https:\/\/szitujatek.hu\/en\/","title":{"rendered":"Home page"},"content":{"rendered":"<section class=\"bde-section-16-217 bde-section\">\n  \n  \n\t\n\n\n\n<div class=\"section-container\"><div class=\"bde-text-16-225 bde-text\">\nDo you like movies and plays?<br>Do you like to think yourself into someone else's situation, or immerse yourself in it?<br>Or would you just try out what someone else's life might be like?<br><br>In this game, you can act out real or fictional situations with your friends and peers. We have collected short improvisation scenes for you, which depend entirely on you how they unfold.<br>A scene can have a thousand different outcomes, it all depends on the players.\n<\/div><div class=\"bde-columns-16-218 bde-columns\"><div class=\"bde-column-16-219 bde-column\">\n  \n  \n\t\n\n\n\n<img decoding=\"async\" class=\"bde-image2-16-214 bde-image2\" src=\"https:\/\/szitujatek.hu\/wp-content\/uploads\/2025\/12\/591504642_1465372158262217_7836329023868972724_n.avif\" loading=\"lazy\" data-entrance=\"fade\">\n<\/div><div class=\"bde-column-16-220 bde-column\">\n  \n  \n\t\n\n\n\n<img decoding=\"async\" class=\"bde-image2-16-216 bde-image2\" src=\"https:\/\/szitujatek.hu\/wp-content\/uploads\/2025\/12\/591407140_861435226440387_7736053728926401301_n.avif\" loading=\"lazy\" srcset=\"https:\/\/szitujatek.hu\/wp-content\/uploads\/2025\/12\/591407140_861435226440387_7736053728926401301_n.avif 375w, https:\/\/szitujatek.hu\/wp-content\/uploads\/2025\/12\/591407140_861435226440387_7736053728926401301_n-225x300.avif 225w\" sizes=\"(max-width: 375px) 100vw, 375px\" data-entrance=\"fade\">\n<\/div><div class=\"bde-column-16-221 bde-column\">\n  \n  \n\t\n\n\n\n<img decoding=\"async\" class=\"bde-image2-16-215 bde-image2\" src=\"https:\/\/szitujatek.hu\/wp-content\/uploads\/2025\/12\/590227473_1166317002352786_1992442865269650373_n.avif\" loading=\"lazy\" srcset=\"https:\/\/szitujatek.hu\/wp-content\/uploads\/2025\/12\/590227473_1166317002352786_1992442865269650373_n.avif 375w, https:\/\/szitujatek.hu\/wp-content\/uploads\/2025\/12\/590227473_1166317002352786_1992442865269650373_n-225x300.avif 225w\" sizes=\"(max-width: 375px) 100vw, 375px\" data-entrance=\"fade\">\n<\/div><\/div><\/div>\n<\/section><section class=\"bde-section-16-183 bde-section\" data-parallax=\"true\">\n  \n  \n\t\n\n\n\n<div class=\"section-container\"><div class=\"bde-columns-16-184 bde-columns\"><div class=\"bde-column-16-185 bde-column\">\n  \n  \n\t\n\n\n\n<img decoding=\"async\" class=\"bde-image2-16-200 bde-image2\" src=\"https:\/\/szitujatek.hu\/wp-content\/uploads\/2025\/11\/szitu1-e1764252820629.avif\" loading=\"lazy\" srcset=\"https:\/\/szitujatek.hu\/wp-content\/uploads\/2025\/11\/szitu1-e1764252820629.avif 606w, https:\/\/szitujatek.hu\/wp-content\/uploads\/2025\/11\/szitu1-e1764252820629-300x268.avif 300w\" sizes=\"(max-width: 606px) 100vw, 606px\" data-entrance=\"fade\" data-parallax=\"false\">\n<\/div><div class=\"bde-column-16-186 bde-column\" data-parallax=\"false\">\n  \n  \n\t\n\n\n\n<img decoding=\"async\" class=\"bde-image2-16-203 bde-image2\" src=\"https:\/\/szitujatek.hu\/wp-content\/uploads\/2025\/11\/szitu2-1-e1764253006300.avif\" loading=\"lazy\" srcset=\"https:\/\/szitujatek.hu\/wp-content\/uploads\/2025\/11\/szitu2-1-e1764253006300.avif 613w, https:\/\/szitujatek.hu\/wp-content\/uploads\/2025\/11\/szitu2-1-e1764253006300-300x267.avif 300w\" sizes=\"(max-width: 613px) 100vw, 613px\" data-entrance=\"fade\" data-parallax=\"false\">\n<\/div><\/div><div class=\"bde-columns-16-189 bde-columns\"><div class=\"bde-column-16-190 bde-column\">\n  \n  \n\t\n\n\n\n<img decoding=\"async\" class=\"bde-image2-16-201 bde-image2\" src=\"https:\/\/szitujatek.hu\/wp-content\/uploads\/2025\/11\/szitu3-1.avif\" loading=\"lazy\" srcset=\"https:\/\/szitujatek.hu\/wp-content\/uploads\/2025\/11\/szitu3-1.avif 615w, https:\/\/szitujatek.hu\/wp-content\/uploads\/2025\/11\/szitu3-1-300x271.avif 300w\" sizes=\"(max-width: 615px) 100vw, 615px\" data-entrance=\"fade\">\n<\/div><div class=\"bde-column-16-191 bde-column\">\n  \n  \n\t\n\n\n\n<img decoding=\"async\" class=\"bde-image2-16-202 bde-image2\" src=\"https:\/\/szitujatek.hu\/wp-content\/uploads\/2025\/11\/szitu4-1.avif\" loading=\"lazy\" srcset=\"https:\/\/szitujatek.hu\/wp-content\/uploads\/2025\/11\/szitu4-1.avif 616w, https:\/\/szitujatek.hu\/wp-content\/uploads\/2025\/11\/szitu4-1-300x271.avif 300w\" sizes=\"(max-width: 616px) 100vw, 616px\" data-entrance=\"fade\">\n<\/div><\/div><\/div>\n<\/section><section class=\"bde-section-16-205 bde-section\">\n  \n  \n\t\n\n\n\n<div class=\"section-container\"><div class=\"bde-text-16-206 bde-text\">\n.\n<\/div><h1 class=\"bde-heading-16-227 bde-heading\">\nAbout us\n<\/h1><div class=\"bde-text-16-228 bde-text\">\nSzitu is a student venture founded in 2025 on the initiative of 10th-grade students at the Alternat\u00edv K\u00f6zgazdas\u00e1gi Gimn\u00e1zium. Our goal is to bring an exciting and humorous gaming experience to everyone from our peers all the way to adults, achieved through an improvisational board game.<br>We designed the game in consultation with NUMEROUS improvisation professionals, from the very beginning. With this game, our goal was for beginners, semi-professionals, and professionals alike to have a great time, thanks to the diverse characters, surprise cards, and situations.<br>Our team consists of eight enthusiastic high school students who want to gain real entrepreneurial experience. Everyone has their own strengths, so each person does something that is close to their heart and that they are good at.\n<\/div><div class=\"bde-columns-16-230 bde-columns\"><div class=\"bde-column-16-231 bde-column\">\n  \n  \n\t\n\n\n\n\n<\/div><div class=\"bde-column-16-232 bde-column\">\n  \n  \n\t\n\n\n\n\n<\/div><div class=\"bde-column-16-233 bde-column\">\n  \n  \n\t\n\n\n\n\n<\/div><div class=\"bde-column-16-234 bde-column\">\n  \n  \n\t\n\n\n\n\n<\/div><\/div><div class=\"bde-columns-16-235 bde-columns\"><div class=\"bde-column-16-236 bde-column\">\n  \n  \n\t\n\n\n\n\n<\/div><div class=\"bde-column-16-237 bde-column\">\n  \n  \n\t\n\n\n\n\n<\/div><div class=\"bde-column-16-238 bde-column\">\n  \n  \n\t\n\n\n\n\n<\/div><div class=\"bde-column-16-239 bde-column\">\n  \n  \n\t\n\n\n\n\n<\/div><\/div><\/div>\n<\/section>","protected":false},"excerpt":{"rendered":"<p>Szereted a mozifilmeket \u00e9s a sz\u00edndarabokat?Szeretsz m\u00e1s helyzet\u00e9be belegondolni, vagy bele\u00e9lni magadat?Esetleg csak kipr\u00f3b\u00e1ln\u00e1d milyen lehet m\u00e1s \u00e9lete?Ebben a j\u00e1t\u00e9kban val\u00f3s, vagy kital\u00e1lt szitu\u00e1ci\u00f3kat jelen\u00edthetsz meg a bar\u00e1taiddal \u00e9s t\u00e1rsaiddal. R\u00f6vid improviz\u00e1ci\u00f3s jeleneteket gy\u0171jt\u00f6tt\u00fcnk nektek \u00f6ssze, amik csak rajtatok m\u00falnak hogyan alakulnak.Egy jelenetnek ezerf\u00e9le kimenetele lehet, ez csak a j\u00e1t\u00e9kosokon m\u00falik. . R\u00f3lunk A Szitu [&hellip;]<\/p>\n","protected":false},"author":3,"featured_media":0,"parent":0,"menu_order":0,"comment_status":"closed","ping_status":"closed","template":"","meta":{"_acf_changed":false,"_breakdance_hide_in_design_set":false,"_breakdance_tags":"","footnotes":""},"class_list":["post-16","page","type-page","status-publish","hentry"],"acf":[],"yoast_head":"<!-- This site is optimized with the Yoast SEO Premium plugin v27.4 (Yoast SEO v27.4) - https:\/\/yoast.com\/product\/yoast-seo-premium-wordpress\/ -->\n<title>Home page - Szitu<\/title>\n<meta name=\"robots\" content=\"index, follow, max-snippet:-1, max-image-preview:large, max-video-preview:-1\" \/>\n<link rel=\"canonical\" href=\"https:\/\/szitujatek.hu\/en\/\" \/>\n<meta property=\"og:locale\" content=\"en_US\" \/>\n<meta property=\"og:type\" content=\"article\" \/>\n<meta property=\"og:title\" content=\"Home page\" \/>\n<meta property=\"og:description\" content=\"Szereted a mozifilmeket \u00e9s a sz\u00edndarabokat?Szeretsz m\u00e1s helyzet\u00e9be belegondolni, vagy bele\u00e9lni magadat?Esetleg csak kipr\u00f3b\u00e1ln\u00e1d milyen lehet m\u00e1s \u00e9lete?Ebben a j\u00e1t\u00e9kban val\u00f3s, vagy kital\u00e1lt szitu\u00e1ci\u00f3kat jelen\u00edthetsz meg a bar\u00e1taiddal \u00e9s t\u00e1rsaiddal. R\u00f6vid improviz\u00e1ci\u00f3s jeleneteket gy\u0171jt\u00f6tt\u00fcnk nektek \u00f6ssze, amik csak rajtatok m\u00falnak hogyan alakulnak.Egy jelenetnek ezerf\u00e9le kimenetele lehet, ez csak a j\u00e1t\u00e9kosokon m\u00falik. . R\u00f3lunk A Szitu [&hellip;]\" \/>\n<meta property=\"og:url\" content=\"https:\/\/szitujatek.hu\/en\/\" \/>\n<meta property=\"og:site_name\" content=\"Szitu\" \/>\n<meta property=\"article:modified_time\" content=\"2026-03-22T14:47:11+00:00\" \/>\n<meta name=\"twitter:card\" content=\"summary_large_image\" \/>\n<meta name=\"twitter:label1\" content=\"Est. reading time\" \/>\n\t<meta name=\"twitter:data1\" content=\"3 minutes\" \/>\n<script type=\"application\/ld+json\" class=\"yoast-schema-graph\">{\"@context\":\"https:\\\/\\\/schema.org\",\"@graph\":[{\"@type\":\"WebPage\",\"@id\":\"https:\\\/\\\/szitujatek.hu\\\/\",\"url\":\"https:\\\/\\\/szitujatek.hu\\\/\",\"name\":\"Home page - Szitu\",\"isPartOf\":{\"@id\":\"https:\\\/\\\/szitujatek.hu\\\/#website\"},\"datePublished\":\"2025-10-26T10:12:16+00:00\",\"dateModified\":\"2026-03-22T14:47:11+00:00\",\"breadcrumb\":{\"@id\":\"https:\\\/\\\/szitujatek.hu\\\/#breadcrumb\"},\"inLanguage\":\"en-US\",\"potentialAction\":[{\"@type\":\"ReadAction\",\"target\":[\"https:\\\/\\\/szitujatek.hu\\\/\"]}]},{\"@type\":\"BreadcrumbList\",\"@id\":\"https:\\\/\\\/szitujatek.hu\\\/#breadcrumb\",\"itemListElement\":[{\"@type\":\"ListItem\",\"position\":1,\"name\":\"Home\",\"item\":\"https:\\\/\\\/szitujatek.hu\\\/\"},{\"@type\":\"ListItem\",\"position\":2,\"name\":\"Home page\"}]},{\"@type\":\"WebSite\",\"@id\":\"https:\\\/\\\/szitujatek.hu\\\/#website\",\"url\":\"https:\\\/\\\/szitujatek.hu\\\/\",\"name\":\"Szitu\",\"description\":\"J\u00e1tsz szabadon\",\"potentialAction\":[{\"@type\":\"SearchAction\",\"target\":{\"@type\":\"EntryPoint\",\"urlTemplate\":\"https:\\\/\\\/szitujatek.hu\\\/?s={search_term_string}\"},\"query-input\":{\"@type\":\"PropertyValueSpecification\",\"valueRequired\":true,\"valueName\":\"search_term_string\"}}],\"inLanguage\":\"en-US\"}]}<\/script>\n<!-- \/ Yoast SEO Premium plugin. -->","yoast_head_json":{"title":"Home page - Szitu","robots":{"index":"index","follow":"follow","max-snippet":"max-snippet:-1","max-image-preview":"max-image-preview:large","max-video-preview":"max-video-preview:-1"},"canonical":"https:\/\/szitujatek.hu\/en\/","og_locale":"en_US","og_type":"article","og_title":"Home page","og_description":"Szereted a mozifilmeket \u00e9s a sz\u00edndarabokat?Szeretsz m\u00e1s helyzet\u00e9be belegondolni, vagy bele\u00e9lni magadat?Esetleg csak kipr\u00f3b\u00e1ln\u00e1d milyen lehet m\u00e1s \u00e9lete?Ebben a j\u00e1t\u00e9kban val\u00f3s, vagy kital\u00e1lt szitu\u00e1ci\u00f3kat jelen\u00edthetsz meg a bar\u00e1taiddal \u00e9s t\u00e1rsaiddal. R\u00f6vid improviz\u00e1ci\u00f3s jeleneteket gy\u0171jt\u00f6tt\u00fcnk nektek \u00f6ssze, amik csak rajtatok m\u00falnak hogyan alakulnak.Egy jelenetnek ezerf\u00e9le kimenetele lehet, ez csak a j\u00e1t\u00e9kosokon m\u00falik. . R\u00f3lunk A Szitu [&hellip;]","og_url":"https:\/\/szitujatek.hu\/en\/","og_site_name":"Szitu","article_modified_time":"2026-03-22T14:47:11+00:00","twitter_card":"summary_large_image","twitter_misc":{"Est. reading time":"3 minutes"},"schema":{"@context":"https:\/\/schema.org","@graph":[{"@type":"WebPage","@id":"https:\/\/szitujatek.hu\/","url":"https:\/\/szitujatek.hu\/","name":"Home page - Szitu","isPartOf":{"@id":"https:\/\/szitujatek.hu\/#website"},"datePublished":"2025-10-26T10:12:16+00:00","dateModified":"2026-03-22T14:47:11+00:00","breadcrumb":{"@id":"https:\/\/szitujatek.hu\/#breadcrumb"},"inLanguage":"en-US","potentialAction":[{"@type":"ReadAction","target":["https:\/\/szitujatek.hu\/"]}]},{"@type":"BreadcrumbList","@id":"https:\/\/szitujatek.hu\/#breadcrumb","itemListElement":[{"@type":"ListItem","position":1,"name":"Home","item":"https:\/\/szitujatek.hu\/"},{"@type":"ListItem","position":2,"name":"Home page"}]},{"@type":"WebSite","@id":"https:\/\/szitujatek.hu\/#website","url":"https:\/\/szitujatek.hu\/","name":"Szitu","description":"J\u00e1tsz szabadon","potentialAction":[{"@type":"SearchAction","target":{"@type":"EntryPoint","urlTemplate":"https:\/\/szitujatek.hu\/?s={search_term_string}"},"query-input":{"@type":"PropertyValueSpecification","valueRequired":true,"valueName":"search_term_string"}}],"inLanguage":"en-US"}]}},"_hostinger_reach_plugin_has_subscription_block":false,"_hostinger_reach_plugin_is_elementor":false,"_links":{"self":[{"href":"https:\/\/szitujatek.hu\/en\/wp-json\/wp\/v2\/pages\/16","targetHints":{"allow":["GET"]}}],"collection":[{"href":"https:\/\/szitujatek.hu\/en\/wp-json\/wp\/v2\/pages"}],"about":[{"href":"https:\/\/szitujatek.hu\/en\/wp-json\/wp\/v2\/types\/page"}],"author":[{"embeddable":true,"href":"https:\/\/szitujatek.hu\/en\/wp-json\/wp\/v2\/users\/3"}],"replies":[{"embeddable":true,"href":"https:\/\/szitujatek.hu\/en\/wp-json\/wp\/v2\/comments?post=16"}],"version-history":[{"count":5,"href":"https:\/\/szitujatek.hu\/en\/wp-json\/wp\/v2\/pages\/16\/revisions"}],"predecessor-version":[{"id":94,"href":"https:\/\/szitujatek.hu\/en\/wp-json\/wp\/v2\/pages\/16\/revisions\/94"}],"wp:attachment":[{"href":"https:\/\/szitujatek.hu\/en\/wp-json\/wp\/v2\/media?parent=16"}],"curies":[{"name":"wp","href":"https:\/\/api.w.org\/{rel}","templated":true}]}}