{"id":117,"date":"2026-03-22T14:58:28","date_gmt":"2026-03-22T14:58:28","guid":{"rendered":"https:\/\/szitujatek.hu\/?page_id=117"},"modified":"2026-03-22T15:03:35","modified_gmt":"2026-03-22T15:03:35","slug":"elorendeles","status":"publish","type":"page","link":"https:\/\/szitujatek.hu\/en\/elorendeles\/","title":{"rendered":"El\u0151rendel\u00e9s"},"content":{"rendered":"<section class=\"bde-section-117-100 bde-section\">\n  \n  \n\t\n\n\n\n<div class=\"section-container\"><div class=\"bde-form-builder-117-101 bde-form-builder\">\n\n<form id=\"contact-form101\" class=\"breakdance-form breakdance-form--vertical\" data-options=\"{&quot;slug&quot;:&quot;custom&quot;,&quot;name&quot;:&quot;Contact Form&quot;,&quot;ajaxUrl&quot;:&quot;https:\\\/\\\/szitujatek.hu\\\/wp-admin\\\/admin-ajax.php&quot;,&quot;clearOnSuccess&quot;:true,&quot;hideOnSuccess&quot;:true,&quot;successMessage&quot;:&quot;Rajta vagyunk!&quot;,&quot;errorMessage&quot;:&quot;Valami nem siker\\u00fclt...&quot;,&quot;redirect&quot;:true,&quot;redirectUrl&quot;:&quot;https:\\\/\\\/szitujatek.hu&quot;,&quot;customJavaScript&quot;:&quot;&quot;,&quot;recaptcha&quot;:{&quot;key&quot;:&quot;&quot;,&quot;enabled&quot;:false},&quot;honeypot_enabled&quot;:false,&quot;popupsOnSuccess&quot;:[],&quot;popupsOnError&quot;:[]}\" data-steps=\"0\" >\n  \n  \n  \n<div class=\"breakdance-form-field breakdance-form-field--text\" >\n    \n    \n            <label class=\"breakdance-form-field__label\" for=\"name\">\n            N\u00e9v<span class=\"breakdance-form-field__required\">*<\/span>\n        <\/label>\n    \n    <input\n    class=\"breakdance-form-field__input\"\n    id=\"name\"\n    aria-describedby=\"name\"\n    type=\"text\"\n    name=\"fields[name]\"\n    placeholder=\"\"\n    value=\"\"\n                \n        \n        \n    required\n    \n    \n    \n    \n    \n>\n\n\n    \n    \n<\/div>\n\n\n<div class=\"breakdance-form-field breakdance-form-field--email\" >\n    \n    \n            <label class=\"breakdance-form-field__label\" for=\"email\">\n            Email<span class=\"breakdance-form-field__required\">*<\/span>\n        <\/label>\n    \n    <input\n    class=\"breakdance-form-field__input\"\n    id=\"email\"\n    aria-describedby=\"email\"\n    type=\"email\"\n    name=\"fields[email]\"\n    placeholder=\"\"\n    value=\"\"\n                \n        \n        \n    required\n    \n    \n    \n    \n    \n>\n\n\n    \n    \n<\/div>\n\n\n<div class=\"breakdance-form-field breakdance-form-field--textarea\" >\n    \n    \n            <label class=\"breakdance-form-field__label\" for=\"message\">\n            \u00dczenet<span class=\"breakdance-form-field__required\">*<\/span>\n        <\/label>\n    \n    <textarea\n    class=\"breakdance-form-field__input\"\n    id=\"message\"\n    aria-describedby=\"message\"\n    type=\"textarea\"\n    name=\"fields[message]\"\n        placeholder=\"\"\n    required\n    \n    \n    >\n<\/textarea>\n\n\n    \n    \n<\/div><div class=\"breakdance-form-field breakdance-form-footer\">    \n    \n    \n    \n    \n            \n            <button type=\"submit\" class=\"button-atom button-atom--primary breakdance-form-button breakdance-form-button__submit\"  >\n    \n        <span class=\"button-atom__text\">K\u00fcld\u00e9s<\/span>\n\n        \n        \n            <\/button>\n    \n    <input type=\"hidden\" name=\"form_id\" value=\"101\">\n    <input type=\"hidden\" name=\"post_id\" value=\"117\">\n<\/div>\n\n  \n<\/form>\n\n\n<\/div><\/div>\n<\/section>","protected":false},"excerpt":{"rendered":"<p>N\u00e9v* Email* \u00dczenet* K\u00fcld\u00e9s<\/p>","protected":false},"author":7,"featured_media":0,"parent":0,"menu_order":0,"comment_status":"closed","ping_status":"closed","template":"","meta":{"_acf_changed":false,"_breakdance_hide_in_design_set":false,"_breakdance_tags":"","footnotes":""},"class_list":["post-117","page","type-page","status-publish","hentry"],"acf":[],"yoast_head":"<!-- This site is optimized with the Yoast SEO Premium plugin v27.4 (Yoast SEO v27.4) - https:\/\/yoast.com\/product\/yoast-seo-premium-wordpress\/ -->\n<title>El\u0151rendel\u00e9s - Szitu<\/title>\n<meta name=\"robots\" content=\"index, follow, max-snippet:-1, max-image-preview:large, max-video-preview:-1\" \/>\n<link rel=\"canonical\" href=\"https:\/\/szitujatek.hu\/en\/elorendeles\/\" \/>\n<meta property=\"og:locale\" content=\"en_US\" \/>\n<meta property=\"og:type\" content=\"article\" \/>\n<meta property=\"og:title\" content=\"El\u0151rendel\u00e9s\" \/>\n<meta property=\"og:description\" content=\"N\u00e9v* Email* \u00dczenet* K\u00fcld\u00e9s\" \/>\n<meta property=\"og:url\" content=\"https:\/\/szitujatek.hu\/en\/elorendeles\/\" \/>\n<meta property=\"og:site_name\" content=\"Szitu\" \/>\n<meta property=\"article:modified_time\" content=\"2026-03-22T15:03:35+00:00\" \/>\n<meta name=\"twitter:card\" content=\"summary_large_image\" \/>\n<meta name=\"twitter:label1\" content=\"Est. reading time\" \/>\n\t<meta name=\"twitter:data1\" content=\"1 minute\" \/>\n<script type=\"application\/ld+json\" class=\"yoast-schema-graph\">{\"@context\":\"https:\\\/\\\/schema.org\",\"@graph\":[{\"@type\":\"WebPage\",\"@id\":\"https:\\\/\\\/szitujatek.hu\\\/elorendeles\\\/\",\"url\":\"https:\\\/\\\/szitujatek.hu\\\/elorendeles\\\/\",\"name\":\"El\u0151rendel\u00e9s - Szitu\",\"isPartOf\":{\"@id\":\"https:\\\/\\\/szitujatek.hu\\\/#website\"},\"datePublished\":\"2026-03-22T14:58:28+00:00\",\"dateModified\":\"2026-03-22T15:03:35+00:00\",\"breadcrumb\":{\"@id\":\"https:\\\/\\\/szitujatek.hu\\\/elorendeles\\\/#breadcrumb\"},\"inLanguage\":\"en-US\",\"potentialAction\":[{\"@type\":\"ReadAction\",\"target\":[\"https:\\\/\\\/szitujatek.hu\\\/elorendeles\\\/\"]}]},{\"@type\":\"BreadcrumbList\",\"@id\":\"https:\\\/\\\/szitujatek.hu\\\/elorendeles\\\/#breadcrumb\",\"itemListElement\":[{\"@type\":\"ListItem\",\"position\":1,\"name\":\"Home\",\"item\":\"https:\\\/\\\/szitujatek.hu\\\/\"},{\"@type\":\"ListItem\",\"position\":2,\"name\":\"El\u0151rendel\u00e9s\"}]},{\"@type\":\"WebSite\",\"@id\":\"https:\\\/\\\/szitujatek.hu\\\/#website\",\"url\":\"https:\\\/\\\/szitujatek.hu\\\/\",\"name\":\"Szitu\",\"description\":\"J\u00e1tsz szabadon\",\"potentialAction\":[{\"@type\":\"SearchAction\",\"target\":{\"@type\":\"EntryPoint\",\"urlTemplate\":\"https:\\\/\\\/szitujatek.hu\\\/?s={search_term_string}\"},\"query-input\":{\"@type\":\"PropertyValueSpecification\",\"valueRequired\":true,\"valueName\":\"search_term_string\"}}],\"inLanguage\":\"en-US\"}]}<\/script>\n<!-- \/ Yoast SEO Premium plugin. -->","yoast_head_json":{"title":"El\u0151rendel\u00e9s - Szitu","robots":{"index":"index","follow":"follow","max-snippet":"max-snippet:-1","max-image-preview":"max-image-preview:large","max-video-preview":"max-video-preview:-1"},"canonical":"https:\/\/szitujatek.hu\/en\/elorendeles\/","og_locale":"en_US","og_type":"article","og_title":"El\u0151rendel\u00e9s","og_description":"N\u00e9v* Email* \u00dczenet* K\u00fcld\u00e9s","og_url":"https:\/\/szitujatek.hu\/en\/elorendeles\/","og_site_name":"Szitu","article_modified_time":"2026-03-22T15:03:35+00:00","twitter_card":"summary_large_image","twitter_misc":{"Est. reading time":"1 minute"},"schema":{"@context":"https:\/\/schema.org","@graph":[{"@type":"WebPage","@id":"https:\/\/szitujatek.hu\/elorendeles\/","url":"https:\/\/szitujatek.hu\/elorendeles\/","name":"El\u0151rendel\u00e9s - Szitu","isPartOf":{"@id":"https:\/\/szitujatek.hu\/#website"},"datePublished":"2026-03-22T14:58:28+00:00","dateModified":"2026-03-22T15:03:35+00:00","breadcrumb":{"@id":"https:\/\/szitujatek.hu\/elorendeles\/#breadcrumb"},"inLanguage":"en-US","potentialAction":[{"@type":"ReadAction","target":["https:\/\/szitujatek.hu\/elorendeles\/"]}]},{"@type":"BreadcrumbList","@id":"https:\/\/szitujatek.hu\/elorendeles\/#breadcrumb","itemListElement":[{"@type":"ListItem","position":1,"name":"Home","item":"https:\/\/szitujatek.hu\/"},{"@type":"ListItem","position":2,"name":"El\u0151rendel\u00e9s"}]},{"@type":"WebSite","@id":"https:\/\/szitujatek.hu\/#website","url":"https:\/\/szitujatek.hu\/","name":"Szitu","description":"J\u00e1tsz szabadon","potentialAction":[{"@type":"SearchAction","target":{"@type":"EntryPoint","urlTemplate":"https:\/\/szitujatek.hu\/?s={search_term_string}"},"query-input":{"@type":"PropertyValueSpecification","valueRequired":true,"valueName":"search_term_string"}}],"inLanguage":"en-US"}]}},"_hostinger_reach_plugin_has_subscription_block":false,"_hostinger_reach_plugin_is_elementor":false,"_links":{"self":[{"href":"https:\/\/szitujatek.hu\/en\/wp-json\/wp\/v2\/pages\/117","targetHints":{"allow":["GET"]}}],"collection":[{"href":"https:\/\/szitujatek.hu\/en\/wp-json\/wp\/v2\/pages"}],"about":[{"href":"https:\/\/szitujatek.hu\/en\/wp-json\/wp\/v2\/types\/page"}],"author":[{"embeddable":true,"href":"https:\/\/szitujatek.hu\/en\/wp-json\/wp\/v2\/users\/7"}],"replies":[{"embeddable":true,"href":"https:\/\/szitujatek.hu\/en\/wp-json\/wp\/v2\/comments?post=117"}],"version-history":[{"count":5,"href":"https:\/\/szitujatek.hu\/en\/wp-json\/wp\/v2\/pages\/117\/revisions"}],"predecessor-version":[{"id":140,"href":"https:\/\/szitujatek.hu\/en\/wp-json\/wp\/v2\/pages\/117\/revisions\/140"}],"wp:attachment":[{"href":"https:\/\/szitujatek.hu\/en\/wp-json\/wp\/v2\/media?parent=117"}],"curies":[{"name":"wp","href":"https:\/\/api.w.org\/{rel}","templated":true}]}}